{"id":557,"date":"2025-02-18T14:33:14","date_gmt":"2025-02-18T17:33:14","guid":{"rendered":"https:\/\/www.formaurbana.ufes.br\/?page_id=557"},"modified":"2025-02-21T08:15:33","modified_gmt":"2025-02-21T11:15:33","slug":"grupo-de-estudos","status":"publish","type":"page","link":"https:\/\/www.formaurbana.ufes.br\/index.php\/grupo-de-estudos\/","title":{"rendered":"Grupo de Estudos"},"content":{"rendered":"\n<p class=\"has-kubio-color-1-color has-text-color has-link-color has-medium-font-size wp-elements-1e1844642544e3012c5592919ae8049a\"><strong>[Grupos de estudos: leituras de obras e estrat\u00e9gias de projeto]<\/strong><br>Objetivo: Realizar leituras programadas sobre \u201cestrat\u00e9gias de projeto\u201d<strong>, <\/strong>como proposto pelo arquiteto Rafael Moneo, lendo os pares anal\u00edticos: circula\u00e7\u00e3o horizontal\/vertical, dentro\/fora, estrutura\/veda\u00e7\u00e3o.<br>Din\u00e2mica:\u00a0<br>Leituras [de acordo com o calend\u00e1rio];<br>Especula\u00e7\u00f5es te\u00f3ricas e projetuais a partir de imagens\/v\u00eddeos\/croquis\/textos;<br>Redesenho de projetos para identificar estrat\u00e9gias usadas pelos arquitetos\/pelas arquitetas em estudo;<\/p>\n\n\n\n\n","protected":false},"excerpt":{"rendered":"<p>[Grupos de estudos: leituras de obras e estrat\u00e9gias de projeto]Objetivo: Realizar leituras programadas sobre \u201cestrat\u00e9gias de projeto\u201d, como proposto pelo arquiteto Rafael Moneo, lendo os pares anal\u00edticos: circula\u00e7\u00e3o horizontal\/vertical, dentro\/fora, estrutura\/veda\u00e7\u00e3o.Din\u00e2mica:\u00a0Leituras [de acordo com o calend\u00e1rio];Especula\u00e7\u00f5es te\u00f3ricas e projetuais a partir de imagens\/v\u00eddeos\/croquis\/textos;Redesenho de projetos para identificar estrat\u00e9gias usadas pelos arquitetos\/pelas arquitetas em estudo;<\/p>\n","protected":false},"author":1,"featured_media":0,"parent":0,"menu_order":0,"comment_status":"closed","ping_status":"closed","template":"","meta":{"saved_in_kubio":true,"footnotes":""},"class_list":["post-557","page","type-page","status-publish","hentry"],"kubio_ai_page_context":{"short_desc":"","purpose":"general"},"_links":{"self":[{"href":"https:\/\/www.formaurbana.ufes.br\/index.php\/wp-json\/wp\/v2\/pages\/557","targetHints":{"allow":["GET"]}}],"collection":[{"href":"https:\/\/www.formaurbana.ufes.br\/index.php\/wp-json\/wp\/v2\/pages"}],"about":[{"href":"https:\/\/www.formaurbana.ufes.br\/index.php\/wp-json\/wp\/v2\/types\/page"}],"author":[{"embeddable":true,"href":"https:\/\/www.formaurbana.ufes.br\/index.php\/wp-json\/wp\/v2\/users\/1"}],"replies":[{"embeddable":true,"href":"https:\/\/www.formaurbana.ufes.br\/index.php\/wp-json\/wp\/v2\/comments?post=557"}],"version-history":[{"count":8,"href":"https:\/\/www.formaurbana.ufes.br\/index.php\/wp-json\/wp\/v2\/pages\/557\/revisions"}],"predecessor-version":[{"id":590,"href":"https:\/\/www.formaurbana.ufes.br\/index.php\/wp-json\/wp\/v2\/pages\/557\/revisions\/590"}],"wp:attachment":[{"href":"https:\/\/www.formaurbana.ufes.br\/index.php\/wp-json\/wp\/v2\/media?parent=557"}],"curies":[{"name":"wp","href":"https:\/\/api.w.org\/{rel}","templated":true}]}}