{"id":453,"date":"2025-02-15T09:07:26","date_gmt":"2025-02-15T12:07:26","guid":{"rendered":"https:\/\/www.formaurbana.ufes.br\/?page_id=453"},"modified":"2025-02-20T14:10:26","modified_gmt":"2025-02-20T17:10:26","slug":"acervo-documental","status":"publish","type":"page","link":"https:\/\/www.formaurbana.ufes.br\/index.php\/atlas-urbanistico\/acervo-documental\/","title":{"rendered":"Atlas Urban\u00edstico de Vit\u00f3ria [acervo]"},"content":{"rendered":"\n\n\n<p>[1896] Projecto de um Novo Arrabalde <a href=\"https:\/\/drive.google.com\/drive\/folders\/12B_AGxXbw0QJ5Z3k0i8mNUECC4_z05le\">[BR ESAGMV AUVIX 001]<\/a><\/p>\n\n\n\n<p>[1908] Plano Uniforme de Melhoramentos e Embellezamento da Victoria <a href=\"https:\/\/drive.google.com\/drive\/folders\/1uweRCgLNz5YUuPoPYP8dMKFOR_w0q34K\">[BR ESAPEES AUVIX 001]<\/a><\/p>\n\n\n\n<p>[1917] Plano Geral da Cidade <a href=\"https:\/\/drive.google.com\/drive\/folders\/1RbqRgciS6yaKGaV6mTPZ_GSPxQmmKs-r\">[BR ESAGMV AUVIX 002]<\/a><\/p>\n\n\n\n<p>[1928\/30] Plano Geral de Melhoramentos <a href=\"https:\/\/drive.google.com\/drive\/folders\/1q2Ls0a3FijHHiNZ2MdTiR_O_5Fu3K5hW\">[BR ESAPEES AUVIX 002]<\/a><\/p>\n\n\n\n<p>[1930\/33] Plano de Urbaniza\u00e7\u00e3o de Vit\u00f3ria <a href=\"https:\/\/drive.google.com\/drive\/folders\/1nKlR1pbrzCNlq74SWOo719bt-k-ZrCIj\">[BR ESAGMV AUVIX 003]<\/a><\/p>\n\n\n\n<p>[1946] Levantamento cadastral e Plano de Urbaniza\u00e7\u00e3o da cidade de Vit\u00f3ria <a href=\"https:\/\/drive.google.com\/drive\/folders\/1VOLvg6vN5eq19lRBs346zo6ZB8AzT-oh\">[BR ESAGMV AUVIX 004]<\/a><\/p>\n\n\n\n<p>[1973] Plano de desenvolvimento integrado da micro-regi\u00e3o de Vit\u00f3ria <a href=\"https:\/\/drive.google.com\/drive\/folders\/1ie1kCdH0CfZP_ltaS53Z0JjtTPMd8gwX\">[BR ESIJSN AUVIX 001]<\/a> <a href=\"http:\/\/biblioteca.ijsn.es.gov.br\/Author\/Home?author=PLANORTE-PLANEJAMENTO+T%C3%89CNICO+E+ECON%C3%94MICO\" data-type=\"link\" data-id=\"http:\/\/biblioteca.ijsn.es.gov.br\/Author\/Home?author=PLANORTE-PLANEJAMENTO+T%C3%89CNICO+E+ECON%C3%94MICO\">Dispon\u00edvel em: IJSN<\/a><\/p>\n\n\n\n<p>[1976] Plano de Estrutura\u00e7\u00e3o do Espa\u00e7o da Grande Vit\u00f3ria <a href=\"https:\/\/drive.google.com\/drive\/folders\/14dY1qRcis07_sPD4llHvsKOz9ASCsVd1\">[BR ESIJSN AUVIX 002]<\/a> <a href=\"http:\/\/biblioteca.ijsn.es.gov.br\/Record\/4026\">Dispon\u00edvel em: IJSN<\/a><\/p>\n\n\n\n<p>[1984] Plano Diretor Urbano de Vit\u00f3ria <a href=\"https:\/\/drive.google.com\/drive\/folders\/18d-9TorsDV6trj_eRRsfaCKMtIQw3QN9\">[BR ESIJSN AUVIX 003]<\/a> <strong><a href=\"https:\/\/sistemas.vitoria.es.gov.br\/atosnormativos\/arquivos\/1984\/L3158.PDF\" data-type=\"link\" data-id=\"https:\/\/sistemas.vitoria.es.gov.br\/atosnormativos\/arquivos\/1984\/L3158.PDF\">Lei n\u00ba 3.158\/1984<\/a><\/strong><\/p>\n\n\n\n<p>[1994] Plano Diretor Urbano <a href=\"https:\/\/drive.google.com\/drive\/folders\/11pgOvNjN-w6-5V0Mzh7LmNxlsB4odj9u\">[BR ESIJSN AUVIX 004]<\/a> <strong><a href=\"https:\/\/sistemas.vitoria.es.gov.br\/atosnormativos\/arquivos\/1994\/L4167.PDF\">Lei n\u00ba 4.167\/1994<\/a><\/strong><\/p>\n\n\n\n<p>[1996] Vit\u00f3ria do Futuro: plano estrat\u00e9gico da cidade 1996\u20132010 <a href=\"https:\/\/drive.google.com\/drive\/folders\/1UOoRgowG1gH1M6-di9wIqeOz-_kNakGE\">[BR ESIJSN AUVIX 005]<\/a> <a href=\"http:\/\/biblioteca.ijsn.es.gov.br\/Record\/2481\/Details\">Dispon\u00edvel em: IJSN<\/a><\/p>\n","protected":false},"excerpt":{"rendered":"<p>[1896] Projecto de um Novo Arrabalde [BR ESAGMV AUVIX 001] [1908] Plano Uniforme de Melhoramentos e Embellezamento da Victoria [BR ESAPEES AUVIX 001] [1917] Plano Geral da Cidade [BR ESAGMV AUVIX 002] [1928\/30] Plano Geral de Melhoramentos [BR ESAPEES AUVIX 002] [1930\/33] Plano de Urbaniza\u00e7\u00e3o de Vit\u00f3ria [BR ESAGMV AUVIX 003] [1946] Levantamento cadastral e [&hellip;]<\/p>\n","protected":false},"author":1,"featured_media":0,"parent":440,"menu_order":0,"comment_status":"closed","ping_status":"closed","template":"","meta":{"saved_in_kubio":true,"footnotes":""},"class_list":["post-453","page","type-page","status-publish","hentry"],"kubio_ai_page_context":{"short_desc":"","purpose":"general"},"_links":{"self":[{"href":"https:\/\/www.formaurbana.ufes.br\/index.php\/wp-json\/wp\/v2\/pages\/453","targetHints":{"allow":["GET"]}}],"collection":[{"href":"https:\/\/www.formaurbana.ufes.br\/index.php\/wp-json\/wp\/v2\/pages"}],"about":[{"href":"https:\/\/www.formaurbana.ufes.br\/index.php\/wp-json\/wp\/v2\/types\/page"}],"author":[{"embeddable":true,"href":"https:\/\/www.formaurbana.ufes.br\/index.php\/wp-json\/wp\/v2\/users\/1"}],"replies":[{"embeddable":true,"href":"https:\/\/www.formaurbana.ufes.br\/index.php\/wp-json\/wp\/v2\/comments?post=453"}],"version-history":[{"count":11,"href":"https:\/\/www.formaurbana.ufes.br\/index.php\/wp-json\/wp\/v2\/pages\/453\/revisions"}],"predecessor-version":[{"id":574,"href":"https:\/\/www.formaurbana.ufes.br\/index.php\/wp-json\/wp\/v2\/pages\/453\/revisions\/574"}],"up":[{"embeddable":true,"href":"https:\/\/www.formaurbana.ufes.br\/index.php\/wp-json\/wp\/v2\/pages\/440"}],"wp:attachment":[{"href":"https:\/\/www.formaurbana.ufes.br\/index.php\/wp-json\/wp\/v2\/media?parent=453"}],"curies":[{"name":"wp","href":"https:\/\/api.w.org\/{rel}","templated":true}]}}